{"id":39,"date":"2023-01-16T13:14:25","date_gmt":"2023-01-16T13:14:25","guid":{"rendered":"https:\/\/thescotlandtours.com\/about-us\/"},"modified":"2024-06-07T09:50:45","modified_gmt":"2024-06-07T09:50:45","slug":"o-nas","status":"publish","type":"page","link":"https:\/\/thescotlandtours.com\/cs\/o-nas\/","title":{"rendered":"O n\u00e1s"},"content":{"rendered":"<p>V\u00edtejte v agentu\u0159e, kter\u00e1 se zrodila z l\u00e1sky k t\u00e9to zemi a z touhy pod\u011blit se o jej\u00ed tajemstv\u00ed a majest\u00e1tnost se sv\u011btem. <br>Proto\u017ee milujeme to, co d\u011bl\u00e1me, a chceme se o svou v\u00e1\u0161e\u0148 pod\u011blit s cel\u00fdm sv\u011btem, jsme hrd\u00ed na to. <strong>\u0159emesln\u00e9 prohl\u00eddky<\/strong> kter\u00e9 p\u0159esahuj\u00ed konven\u010dn\u00ed r\u00e1mec a dot\u00fdkaj\u00ed se <strong>samotn\u00e1 du\u0161e Skotska<\/strong>.<\/p>\n\n\n\n<p>Na adrese <strong>Z\u00e1jezdy do Skotska<\/strong>, na\u0161\u00ed v\u00e1\u0161n\u00ed nen\u00ed jen uk\u00e1zat v\u00e1m Skotsko, ale tak\u00e9 <strong>abyste se pono\u0159ili<\/strong> ve sv\u00e9 jedine\u010dn\u00e9 kr\u00e1se a bohat\u00e9 historii.<\/p>\n\n\n\n<figure class=\"wp-block-image size-full is-resized\"><img loading=\"lazy\" decoding=\"async\" width=\"2000\" height=\"1333\" src=\"https:\/\/thescotlandtours.com\/wp-content\/uploads\/glen-etive-james-bond-sykfall-road-in-glencoe-scotland-in-the-scottish-highlands-stockpack-adobe-stock-scaled.webp\" alt=\"road in glencoe scotland\" class=\"wp-image-1034\" style=\"width:1449px;height:auto\"\/><figcaption class=\"wp-element-caption\">Prozkoumejte rozlehlost Skotsk\u00e9 vyso\u010diny<\/figcaption><\/figure>\n\n\n\n<h2 class=\"wp-block-heading\">N\u00e1\u0161 p\u0159\u00edb\u011bh<\/h2>\n\n\n\n<p>Na\u0161e cesta za\u010dala jednoduch\u00fdm posl\u00e1n\u00edm: o\u017eivit skotsk\u00e9 p\u0159\u00edb\u011bhy prost\u0159ednictv\u00edm <strong>pe\u010dliv\u011b sestaven\u00e9 prohl\u00eddky<\/strong> kter\u00e9 nab\u00edzej\u00ed v\u00edce ne\u017e jen pohled na tuto v\u00fdjime\u010dnou zemi. Cht\u011bli jsme <strong>vytv\u00e1\u0159et z\u00e1\u017eitky<\/strong> kter\u00e9 maj\u00ed osobn\u00ed ohlas a spojuj\u00ed na\u0161e hosty s podstatou skotsk\u00e9 kultury, historie a p\u0159\u00edrody.<\/p>\n\n\n\n<h2 class=\"wp-block-heading\">Pro\u010d pr\u00e1v\u011b my?<\/h2>\n\n\n\n<p>V\u011b\u0159\u00edme, \u017ee <strong>ka\u017ed\u00fd n\u00e1v\u0161t\u011bvn\u00edk m\u00e1 svou vlastn\u00ed vizi <\/strong>o tom, co pro n\u011b Skotsko znamen\u00e1, a na\u0161\u00edm c\u00edlem je. <strong>naplnit tuto vizi<\/strong>. A\u0165 u\u017e se jedn\u00e1 o pozn\u00e1v\u00e1n\u00ed starobyl\u00fdch hrad\u016f s bohatou histori\u00ed, putov\u00e1n\u00ed pulzuj\u00edc\u00edmi m\u011bsty nebo hled\u00e1n\u00ed klidu v klidn\u00e9 kr\u00e1se nes\u010detn\u00fdch ostrov\u016f a jezer, na\u0161e z\u00e1jezdy jsou \u0161it\u00e9 na m\u00edru va\u0161im z\u00e1jm\u016fm a p\u0159\u00e1n\u00edm.<\/p>\n\n\n\n<figure class=\"wp-block-image size-full\"><img loading=\"lazy\" decoding=\"async\" width=\"2000\" height=\"1121\" src=\"https:\/\/thescotlandtours.com\/wp-content\/uploads\/tourist-woman-with-hat-and-backpack-in-scotland-wanderlust-concept-stockpack-adobe-stock-scaled.webp\" alt=\"Batoh d\u00edvka Skotsko\" class=\"wp-image-1077\"\/><figcaption class=\"wp-element-caption\">Vytvo\u0159te si svou vlastn\u00ed cestu do Skotska<\/figcaption><\/figure>\n\n\n\n<h2 class=\"wp-block-heading\">Postar\u00e1me se o v\u0161e<\/h2>\n\n\n\n<p>Abyste se mohli skute\u010dn\u011b uvolnit a poznat du\u0161i Skotska, postar\u00e1me se o v\u0161echny detaily. Jsme <strong>rezervujte si ubytov\u00e1n\u00ed<\/strong>, poskytnout v\u00e1m <strong>podrobn\u00e9 materi\u00e1ly <\/strong>pro ka\u017edou destinaci a <strong>nab\u00edzej\u00ed podporu 24 hodin denn\u011b, 7 dn\u00ed v t\u00fddnu.<\/strong><\/p>\n\n\n\n<p>Sta\u010d\u00ed se jen pono\u0159it do na\u0161\u00ed rozmanit\u00e9 nab\u00eddky z\u00e1jezd\u016f a naj\u00edt si ten, kter\u00fd v\u00e1s oslov\u00ed.<\/p>\n\n\n\n<figure class=\"wp-block-image size-full\"><img loading=\"lazy\" decoding=\"async\" width=\"2000\" height=\"1124\" src=\"https:\/\/thescotlandtours.com\/wp-content\/uploads\/poolewe-view-scaled.webp\" alt=\"Poolewe view\" class=\"wp-image-984\"\/><figcaption class=\"wp-element-caption\">Dobijte si baterky v malebn\u00fdch vesni\u010dk\u00e1ch<\/figcaption><\/figure>\n\n\n\n<h2 class=\"wp-block-heading\">Prozkoumejte dal\u0161\u00ed evropsk\u00e9 pr\u00e1zdninov\u00e9 z\u00e1jezdy<\/h2>\n\n\n\n<p>Skotsko je jen jedn\u00edm z mnoha evropsk\u00fdch klenot\u016f, kter\u00e9 jsou na seznamu ka\u017ed\u00e9ho cestovatele. Krom\u011b na\u0161ich z\u00e1jezd\u016f do Skotska na m\u00edru v\u00e1s zveme k prozkoum\u00e1n\u00ed \u0159ady dal\u0161\u00edch evropsk\u00fdch z\u00e1\u017eitk\u016f, kter\u00e9 nab\u00edzej\u00ed na\u0161e partnersk\u00e9 zna\u010dky.<\/p>\n\n\n\n<ul class=\"wp-block-list\">\n<li><a href=\"https:\/\/italy-tours.com\/\" data-type=\"link\" data-id=\"https:\/\/italy-tours.com\/\">Z\u00e1jezdy do It\u00e1lie<\/a><\/li>\n\n\n\n<li><a href=\"https:\/\/lapland-tours.com\/\">Z\u00e1jezdy do Laponska<\/a><\/li>\n\n\n\n<li><a href=\"https:\/\/croatia-tours.com\/\" data-type=\"link\" data-id=\"https:\/\/croatia-tours.com\/\">Z\u00e1jezdy do Chorvatska<\/a><\/li>\n\n\n\n<li><a href=\"https:\/\/sloveniatours.com\/\" data-type=\"link\" data-id=\"https:\/\/sloveniatours.com\/\">Z\u00e1jezdy do Slovinska<\/a><\/li>\n\n\n\n<li><a href=\"https:\/\/traintourseurope.com\/\">Z\u00e1jezdy vlakem po Evrop\u011b<\/a><\/li>\n<\/ul>\n\n\n\n<p><\/p>","protected":false},"excerpt":{"rendered":"<p>V\u00edtejte v agentu\u0159e, kter\u00e1 se zrodila z l\u00e1sky k t\u00e9to zemi a z touhy pod\u011blit se o jej\u00ed tajemstv\u00ed a majest\u00e1tnost se sv\u011btem. Proto\u017ee milujeme to, co d\u011bl\u00e1me, a chceme se o svou v\u00e1\u0161e\u0148 pod\u011blit se sv\u011btem, jsme hrd\u00ed na to, \u017ee vytv\u00e1\u0159\u00edme z\u00e1jezdy, kter\u00e9 p\u0159esahuj\u00ed konvence a dot\u00fdkaj\u00ed se samotn\u00e9 du\u0161e ... <a href=\"https:\/\/thescotlandtours.com\/cs\/o-nas\/\">Pokra\u010dov\u00e1n\u00ed<\/a><\/p>","protected":false},"author":38,"featured_media":0,"parent":0,"menu_order":0,"comment_status":"closed","ping_status":"closed","template":"","meta":{"_acf_changed":false,"footnotes":""},"class_list":["post-39","page","type-page","status-publish","hentry"],"acf":{"page_subheading":"Meet the dedicated team behind The Scotland Tours, your trusted guide to an unforgettable journey."},"_links":{"self":[{"href":"https:\/\/thescotlandtours.com\/cs\/wp-json\/wp\/v2\/pages\/39","targetHints":{"allow":["GET"]}}],"collection":[{"href":"https:\/\/thescotlandtours.com\/cs\/wp-json\/wp\/v2\/pages"}],"about":[{"href":"https:\/\/thescotlandtours.com\/cs\/wp-json\/wp\/v2\/types\/page"}],"author":[{"embeddable":true,"href":"https:\/\/thescotlandtours.com\/cs\/wp-json\/wp\/v2\/users\/38"}],"replies":[{"embeddable":true,"href":"https:\/\/thescotlandtours.com\/cs\/wp-json\/wp\/v2\/comments?post=39"}],"version-history":[{"count":11,"href":"https:\/\/thescotlandtours.com\/cs\/wp-json\/wp\/v2\/pages\/39\/revisions"}],"predecessor-version":[{"id":1435,"href":"https:\/\/thescotlandtours.com\/cs\/wp-json\/wp\/v2\/pages\/39\/revisions\/1435"}],"wp:attachment":[{"href":"https:\/\/thescotlandtours.com\/cs\/wp-json\/wp\/v2\/media?parent=39"}],"curies":[{"name":"wp","href":"https:\/\/api.w.org\/{rel}","templated":true}]}}