{"id":39,"date":"2023-01-16T13:14:25","date_gmt":"2023-01-16T13:14:25","guid":{"rendered":"https:\/\/thescotlandtours.com\/about-us\/"},"modified":"2024-06-07T09:50:45","modified_gmt":"2024-06-07T09:50:45","slug":"uber-uns","status":"publish","type":"page","link":"https:\/\/thescotlandtours.com\/de\/uber-uns\/","title":{"rendered":"\u00dcber uns"},"content":{"rendered":"<p>Willkommen bei einer Agentur, die aus der Liebe zu diesem Land und dem Wunsch entstanden ist, seine Geheimnisse und seine Majest\u00e4t mit der Welt zu teilen. <br>Weil wir lieben, was wir tun, und unsere Leidenschaft mit der Welt teilen m\u00f6chten, sind wir stolz auf <strong>Basteltouren<\/strong> die \u00fcber das Konventionelle hinausgehen und das <strong>die Seele Schottlands<\/strong>.<\/p>\n\n\n\n<p>Unter <strong>Die Schottland-Touren<\/strong>Unsere Leidenschaft ist es nicht nur, Ihnen Schottland zu zeigen, sondern <strong>Sie eintauchen<\/strong> in ihrer unvergleichlichen Sch\u00f6nheit und ihrem reichen historischen Erbe.<\/p>\n\n\n\n<figure class=\"wp-block-image size-full is-resized\"><img loading=\"lazy\" decoding=\"async\" width=\"2000\" height=\"1333\" src=\"https:\/\/thescotlandtours.com\/wp-content\/uploads\/glen-etive-james-bond-sykfall-road-in-glencoe-scotland-in-the-scottish-highlands-stockpack-adobe-stock-scaled.webp\" alt=\"Stra\u00dfe in Glencoe, Schottland\" class=\"wp-image-1034\" style=\"width:1449px;height:auto\"\/><figcaption class=\"wp-element-caption\">Erkunden Sie die Weite der schottischen Highlands<\/figcaption><\/figure>\n\n\n\n<h2 class=\"wp-block-heading\">Unsere Geschichte<\/h2>\n\n\n\n<p>Unsere Reise begann mit einer einfachen Mission: die Geschichten Schottlands zum Leben zu erwecken durch <strong>Sorgf\u00e4ltig zusammengestellte Touren<\/strong> die mehr als nur einen Einblick in dieses au\u00dfergew\u00f6hnliche Land bieten. Wir wollten <strong>Erlebnisse schaffen<\/strong> die auf einer pers\u00f6nlichen Ebene ankommen und unsere G\u00e4ste mit dem Herzen der schottischen Kultur, Geschichte und Natur verbinden.<\/p>\n\n\n\n<h2 class=\"wp-block-heading\">Warum wir?<\/h2>\n\n\n\n<p>Wir glauben, dass <strong>jeder Besucher hat seine eigene Vision <\/strong>was Schottland f\u00fcr sie bedeutet, und unser Ziel ist es, die <strong>diese Vision erf\u00fcllen<\/strong>. Ob Sie nun alte, geschichtstr\u00e4chtige Schl\u00f6sser erkunden, durch pulsierende St\u00e4dte wandern oder in der ruhigen Sch\u00f6nheit zahlloser Inseln und Seen Ruhe finden - unsere Touren sind auf Ihre Interessen und W\u00fcnsche zugeschnitten.<\/p>\n\n\n\n<figure class=\"wp-block-image size-full\"><img loading=\"lazy\" decoding=\"async\" width=\"2000\" height=\"1121\" src=\"https:\/\/thescotlandtours.com\/wp-content\/uploads\/tourist-woman-with-hat-and-backpack-in-scotland-wanderlust-concept-stockpack-adobe-stock-scaled.webp\" alt=\"Rucksack M\u00e4dchen Schottland\" class=\"wp-image-1077\"\/><figcaption class=\"wp-element-caption\">Gestalten Sie Ihre eigene ultimative Schottlandreise<\/figcaption><\/figure>\n\n\n\n<h2 class=\"wp-block-heading\">Wir k\u00fcmmern uns um alles<\/h2>\n\n\n\n<p>Um sicherzustellen, dass Sie wirklich loslassen und die Seele Schottlands erleben k\u00f6nnen, k\u00fcmmern wir uns um alle Details. Wir <strong>Buchen Sie Ihre Unterkunft<\/strong>und bieten Ihnen <strong>ausf\u00fchrliche Handouts <\/strong>f\u00fcr jedes Ziel und <strong>bieten 24\/7-Support.<\/strong><\/p>\n\n\n\n<p>Sie m\u00fcssen nur in unser vielf\u00e4ltiges Angebot eintauchen und die f\u00fcr Sie passende Tour finden.<\/p>\n\n\n\n<figure class=\"wp-block-image size-full\"><img loading=\"lazy\" decoding=\"async\" width=\"2000\" height=\"1124\" src=\"https:\/\/thescotlandtours.com\/wp-content\/uploads\/poolewe-view-scaled.webp\" alt=\"Blick auf Poolewe\" class=\"wp-image-984\"\/><figcaption class=\"wp-element-caption\">Tanken Sie neue Energie in malerischen D\u00f6rfern<\/figcaption><\/figure>\n\n\n\n<h2 class=\"wp-block-heading\">Entdecken Sie andere europ\u00e4ische Urlaubsreisen<\/h2>\n\n\n\n<p>Schottland ist nur eines von vielen europ\u00e4ischen Juwelen, die auf der Bucket List eines jeden Reisenden stehen. Zus\u00e4tzlich zu unseren ma\u00dfgeschneiderten Schottlandreisen laden wir Sie ein, eine Reihe anderer europ\u00e4ischer Erlebnisse zu entdecken, die von unseren Partnermarken angeboten werden.<\/p>\n\n\n\n<ul class=\"wp-block-list\">\n<li><a href=\"https:\/\/italy-tours.com\/\" data-type=\"link\" data-id=\"https:\/\/italy-tours.com\/\">Italien Touren<\/a><\/li>\n\n\n\n<li><a href=\"https:\/\/lapland-tours.com\/\">Lappland Touren<\/a><\/li>\n\n\n\n<li><a href=\"https:\/\/croatia-tours.com\/\" data-type=\"link\" data-id=\"https:\/\/croatia-tours.com\/\">Kroatien Touren<\/a><\/li>\n\n\n\n<li><a href=\"https:\/\/sloveniatours.com\/\" data-type=\"link\" data-id=\"https:\/\/sloveniatours.com\/\">Slowenien Touren<\/a><\/li>\n\n\n\n<li><a href=\"https:\/\/traintourseurope.com\/\">Zugreisen Europa<\/a><\/li>\n<\/ul>\n\n\n\n<p><\/p>","protected":false},"excerpt":{"rendered":"<p>Willkommen bei einer Agentur, die aus der Liebe zum Land und dem Wunsch geboren wurde, seine Geheimnisse und Majest\u00e4t mit der Welt zu teilen. Weil wir lieben, was wir tun, und wir m\u00f6chten unsere Leidenschaft mit der Welt teilen, sind wir stolz darauf, Touren zu entwickeln, die \u00fcber das Herk\u00f6mmliche hinausgehen und die Seele ber\u00fchren ... <a href=\"https:\/\/thescotlandtours.com\/de\/uber-uns\/\">Fortsetzung<\/a><\/p>","protected":false},"author":38,"featured_media":0,"parent":0,"menu_order":0,"comment_status":"closed","ping_status":"closed","template":"","meta":{"_acf_changed":false,"footnotes":""},"class_list":["post-39","page","type-page","status-publish","hentry"],"acf":{"page_subheading":"Meet the dedicated team behind The Scotland Tours, your trusted guide to an unforgettable journey."},"_links":{"self":[{"href":"https:\/\/thescotlandtours.com\/de\/wp-json\/wp\/v2\/pages\/39","targetHints":{"allow":["GET"]}}],"collection":[{"href":"https:\/\/thescotlandtours.com\/de\/wp-json\/wp\/v2\/pages"}],"about":[{"href":"https:\/\/thescotlandtours.com\/de\/wp-json\/wp\/v2\/types\/page"}],"author":[{"embeddable":true,"href":"https:\/\/thescotlandtours.com\/de\/wp-json\/wp\/v2\/users\/38"}],"replies":[{"embeddable":true,"href":"https:\/\/thescotlandtours.com\/de\/wp-json\/wp\/v2\/comments?post=39"}],"version-history":[{"count":11,"href":"https:\/\/thescotlandtours.com\/de\/wp-json\/wp\/v2\/pages\/39\/revisions"}],"predecessor-version":[{"id":1435,"href":"https:\/\/thescotlandtours.com\/de\/wp-json\/wp\/v2\/pages\/39\/revisions\/1435"}],"wp:attachment":[{"href":"https:\/\/thescotlandtours.com\/de\/wp-json\/wp\/v2\/media?parent=39"}],"curies":[{"name":"wp","href":"https:\/\/api.w.org\/{rel}","templated":true}]}}