{"id":39,"date":"2023-01-16T13:14:25","date_gmt":"2023-01-16T13:14:25","guid":{"rendered":"https:\/\/thescotlandtours.com\/about-us\/"},"modified":"2024-06-07T09:50:45","modified_gmt":"2024-06-07T09:50:45","slug":"a-propos-de-nous","status":"publish","type":"page","link":"https:\/\/thescotlandtours.com\/fr\/a-propos-de-nous\/","title":{"rendered":"\u00c0 propos de nous"},"content":{"rendered":"<p>Bienvenue dans une agence n\u00e9e de l'amour de la terre et du d\u00e9sir de partager ses myst\u00e8res et sa majest\u00e9 avec le monde. <br>Parce que nous aimons ce que nous faisons et que nous souhaitons partager notre passion avec le monde, nous sommes fiers de <strong>visites d'artisanat<\/strong> qui vont au-del\u00e0 du conventionnel pour toucher le <strong>l'\u00e2me m\u00eame de l'\u00c9cosse<\/strong>.<\/p>\n\n\n\n<p>Au <strong>Les circuits en \u00c9cosse<\/strong>Notre passion n'est pas seulement de vous faire d\u00e9couvrir l'\u00c9cosse, mais aussi de vous faire d\u00e9couvrir le pays. <strong>pour vous immerger<\/strong> dans sa beaut\u00e9 in\u00e9gal\u00e9e et sa riche tapisserie historique.<\/p>\n\n\n\n<figure class=\"wp-block-image size-full is-resized\"><img loading=\"lazy\" decoding=\"async\" width=\"2000\" height=\"1333\" src=\"https:\/\/thescotlandtours.com\/wp-content\/uploads\/glen-etive-james-bond-sykfall-road-in-glencoe-scotland-in-the-scottish-highlands-stockpack-adobe-stock-scaled.webp\" alt=\"route \u00e0 glencoe scotland\" class=\"wp-image-1034\" style=\"width:1449px;height:auto\"\/><figcaption class=\"wp-element-caption\">Explorer l'immensit\u00e9 des Highlands \u00e9cossais<\/figcaption><\/figure>\n\n\n\n<h2 class=\"wp-block-heading\">Notre histoire<\/h2>\n\n\n\n<p>Notre voyage a commenc\u00e9 par une mission simple : donner vie aux histoires de l'\u00c9cosse par le biais de <strong>des visites minutieusement pr\u00e9par\u00e9es<\/strong> qui offrent plus qu'un simple aper\u00e7u de ce pays extraordinaire. Nous avons voulu <strong>cr\u00e9er des exp\u00e9riences<\/strong> qui r\u00e9sonnent \u00e0 un niveau personnel, reliant nos h\u00f4tes au c\u0153ur de la culture, de l'histoire et de la nature \u00e9cossaises.<\/p>\n\n\n\n<h2 class=\"wp-block-heading\">Pourquoi nous ?<\/h2>\n\n\n\n<p>Nous pensons que <strong>chaque visiteur a sa propre vision <\/strong>de ce que l'\u00c9cosse repr\u00e9sente pour eux, et notre objectif est de faire en sorte que l'\u00c9cosse devienne une r\u00e9alit\u00e9. <strong>concr\u00e9tiser cette vision<\/strong>. Qu'il s'agisse d'explorer d'anciens ch\u00e2teaux charg\u00e9s d'histoire, de d\u00e9ambuler dans des villes anim\u00e9es ou de trouver la tranquillit\u00e9 dans la beaut\u00e9 sereine d'innombrables \u00eeles et lochs, nos circuits sont con\u00e7us pour r\u00e9pondre \u00e0 vos int\u00e9r\u00eats et \u00e0 vos d\u00e9sirs.<\/p>\n\n\n\n<figure class=\"wp-block-image size-full\"><img loading=\"lazy\" decoding=\"async\" width=\"2000\" height=\"1121\" src=\"https:\/\/thescotlandtours.com\/wp-content\/uploads\/tourist-woman-with-hat-and-backpack-in-scotland-wanderlust-concept-stockpack-adobe-stock-scaled.webp\" alt=\"Sac \u00e0 dos fille Ecosse\" class=\"wp-image-1077\"\/><figcaption class=\"wp-element-caption\">Cr\u00e9ez votre propre voyage en \u00c9cosse<\/figcaption><\/figure>\n\n\n\n<h2 class=\"wp-block-heading\">Nous nous occupons de tout<\/h2>\n\n\n\n<p>Pour que vous puissiez vraiment vous laisser aller et d\u00e9couvrir l'\u00e2me de l'\u00c9cosse, nous nous occupons de tous les d\u00e9tails. Nous <strong>R\u00e9servez votre h\u00e9bergement<\/strong>vous fournir <strong>des documents d\u00e9taill\u00e9s <\/strong>pour chaque destination et <strong>offrent une assistance 24 heures sur 24 et 7 jours sur 7.<\/strong><\/p>\n\n\n\n<p>Il ne vous reste plus qu'\u00e0 vous plonger dans notre gamme vari\u00e9e de circuits et \u00e0 trouver celui qui vous convient.<\/p>\n\n\n\n<figure class=\"wp-block-image size-full\"><img loading=\"lazy\" decoding=\"async\" width=\"2000\" height=\"1124\" src=\"https:\/\/thescotlandtours.com\/wp-content\/uploads\/poolewe-view-scaled.webp\" alt=\"Vue de Poolewe\" class=\"wp-image-984\"\/><figcaption class=\"wp-element-caption\">Rechargez vos batteries dans des villages pittoresques<\/figcaption><\/figure>\n\n\n\n<h2 class=\"wp-block-heading\">Explorer d'autres circuits de vacances en Europe<\/h2>\n\n\n\n<p>L'\u00c9cosse n'est qu'un des nombreux joyaux europ\u00e9ens qui figurent sur la liste de tous les voyageurs. Outre nos circuits sur mesure en \u00c9cosse, nous vous invitons \u00e0 d\u00e9couvrir une s\u00e9rie d'autres exp\u00e9riences europ\u00e9ennes propos\u00e9es par nos marques partenaires.<\/p>\n\n\n\n<ul class=\"wp-block-list\">\n<li><a href=\"https:\/\/italy-tours.com\/\" data-type=\"link\" data-id=\"https:\/\/italy-tours.com\/\">Circuits en Italie<\/a><\/li>\n\n\n\n<li><a href=\"https:\/\/lapland-tours.com\/\">Circuits en Laponie<\/a><\/li>\n\n\n\n<li><a href=\"https:\/\/croatia-tours.com\/\" data-type=\"link\" data-id=\"https:\/\/croatia-tours.com\/\">Voyages en Croatie<\/a><\/li>\n\n\n\n<li><a href=\"https:\/\/sloveniatours.com\/\" data-type=\"link\" data-id=\"https:\/\/sloveniatours.com\/\">Circuits en Slov\u00e9nie<\/a><\/li>\n\n\n\n<li><a href=\"https:\/\/traintourseurope.com\/\">Voyages en train en Europe<\/a><\/li>\n<\/ul>\n\n\n\n<p><\/p>","protected":false},"excerpt":{"rendered":"<p>Bienvenue dans une agence n\u00e9e de l'amour de la terre et du d\u00e9sir de partager ses myst\u00e8res et sa majest\u00e9 avec le monde. Parce que nous aimons ce que nous faisons et que nous souhaitons partager notre passion avec le monde, nous sommes fiers de concevoir des circuits qui vont au-del\u00e0 du conventionnel pour toucher l'\u00e2me ... <a href=\"https:\/\/thescotlandtours.com\/fr\/a-propos-de-nous\/\">Suite<\/a><\/p>","protected":false},"author":38,"featured_media":0,"parent":0,"menu_order":0,"comment_status":"closed","ping_status":"closed","template":"","meta":{"_acf_changed":false,"footnotes":""},"class_list":["post-39","page","type-page","status-publish","hentry"],"acf":{"page_subheading":"Meet the dedicated team behind The Scotland Tours, your trusted guide to an unforgettable journey."},"_links":{"self":[{"href":"https:\/\/thescotlandtours.com\/fr\/wp-json\/wp\/v2\/pages\/39","targetHints":{"allow":["GET"]}}],"collection":[{"href":"https:\/\/thescotlandtours.com\/fr\/wp-json\/wp\/v2\/pages"}],"about":[{"href":"https:\/\/thescotlandtours.com\/fr\/wp-json\/wp\/v2\/types\/page"}],"author":[{"embeddable":true,"href":"https:\/\/thescotlandtours.com\/fr\/wp-json\/wp\/v2\/users\/38"}],"replies":[{"embeddable":true,"href":"https:\/\/thescotlandtours.com\/fr\/wp-json\/wp\/v2\/comments?post=39"}],"version-history":[{"count":11,"href":"https:\/\/thescotlandtours.com\/fr\/wp-json\/wp\/v2\/pages\/39\/revisions"}],"predecessor-version":[{"id":1435,"href":"https:\/\/thescotlandtours.com\/fr\/wp-json\/wp\/v2\/pages\/39\/revisions\/1435"}],"wp:attachment":[{"href":"https:\/\/thescotlandtours.com\/fr\/wp-json\/wp\/v2\/media?parent=39"}],"curies":[{"name":"wp","href":"https:\/\/api.w.org\/{rel}","templated":true}]}}