{"id":39,"date":"2023-01-16T13:14:25","date_gmt":"2023-01-16T13:14:25","guid":{"rendered":"https:\/\/thescotlandtours.com\/about-us\/"},"modified":"2024-06-07T09:50:45","modified_gmt":"2024-06-07T09:50:45","slug":"chi-siamo","status":"publish","type":"page","link":"https:\/\/thescotlandtours.com\/it\/chi-siamo\/","title":{"rendered":"Chi siamo"},"content":{"rendered":"<p>Benvenuti in un'agenzia nata dall'amore per la terra e dal desiderio di condividerne i misteri e la maestosit\u00e0 con il mondo. <br>Poich\u00e9 amiamo ci\u00f2 che facciamo e desideriamo condividere la nostra passione con il mondo, siamo orgogliosi di <strong>tour dell'artigianato<\/strong> che vanno oltre il convenzionale per toccare il <strong>anima della Scozia<\/strong>.<\/p>\n\n\n\n<p>A <strong>I tour della Scozia<\/strong>La nostra passione non \u00e8 solo quella di mostrarvi la Scozia, ma anche quella di farvi conoscere il nostro paese. <strong>per immergervi<\/strong> nella sua impareggiabile bellezza e nel suo ricco arazzo di storia.<\/p>\n\n\n\n<figure class=\"wp-block-image size-full is-resized\"><img loading=\"lazy\" decoding=\"async\" width=\"2000\" height=\"1333\" src=\"https:\/\/thescotlandtours.com\/wp-content\/uploads\/glen-etive-james-bond-sykfall-road-in-glencoe-scotland-in-the-scottish-highlands-stockpack-adobe-stock-scaled.webp\" alt=\"strada a glencoe scozia\" class=\"wp-image-1034\" style=\"width:1449px;height:auto\"\/><figcaption class=\"wp-element-caption\">Esplorare la vastit\u00e0 delle Highlands scozzesi<\/figcaption><\/figure>\n\n\n\n<h2 class=\"wp-block-heading\">La nostra storia<\/h2>\n\n\n\n<p>Il nostro viaggio \u00e8 iniziato con una semplice missione: portare in vita le storie della Scozia attraverso <strong>tour meticolosamente curati<\/strong> che offrono pi\u00f9 di uno sguardo su questo straordinario Paese. Volevamo <strong>creare esperienze<\/strong> che risuonano a livello personale, mettendo in contatto i nostri ospiti con il cuore della cultura, della storia e della natura scozzese.<\/p>\n\n\n\n<h2 class=\"wp-block-heading\">Perch\u00e9 noi?<\/h2>\n\n\n\n<p>Crediamo che <strong>ogni visitatore ha la propria visione <\/strong>di ci\u00f2 che la Scozia significa per loro, e il nostro obiettivo \u00e8 di <strong>realizzare questa visione<\/strong>. Che si tratti di esplorare antichi castelli ricchi di storia, di passeggiare per citt\u00e0 vivaci o di trovare la tranquillit\u00e0 nella serena bellezza di innumerevoli isole e laghi, i nostri tour sono fatti su misura per soddisfare i vostri interessi e desideri.<\/p>\n\n\n\n<figure class=\"wp-block-image size-full\"><img loading=\"lazy\" decoding=\"async\" width=\"2000\" height=\"1121\" src=\"https:\/\/thescotlandtours.com\/wp-content\/uploads\/tourist-woman-with-hat-and-backpack-in-scotland-wanderlust-concept-stockpack-adobe-stock-scaled.webp\" alt=\"Zaino ragazza Scozia\" class=\"wp-image-1077\"\/><figcaption class=\"wp-element-caption\">Create il vostro viaggio in Scozia<\/figcaption><\/figure>\n\n\n\n<h2 class=\"wp-block-heading\">Ci occupiamo di tutto<\/h2>\n\n\n\n<p>Per garantire che possiate davvero lasciarvi andare e vivere l'anima della Scozia, ci occupiamo di tutti i dettagli. Noi <strong>prenota il tuo alloggio<\/strong>, vi fornir\u00e0 <strong>dispense dettagliate <\/strong>per ogni destinazione e <strong>offrono assistenza 24 ore su 24, 7 giorni su 7.<\/strong><\/p>\n\n\n\n<p>Non vi resta che immergervi nella nostra vasta gamma di tour e trovare quello che fa per voi.<\/p>\n\n\n\n<figure class=\"wp-block-image size-full\"><img loading=\"lazy\" decoding=\"async\" width=\"2000\" height=\"1124\" src=\"https:\/\/thescotlandtours.com\/wp-content\/uploads\/poolewe-view-scaled.webp\" alt=\"Vista su Poolewe\" class=\"wp-image-984\"\/><figcaption class=\"wp-element-caption\">Ricaricate le batterie in villaggi pittoreschi<\/figcaption><\/figure>\n\n\n\n<h2 class=\"wp-block-heading\">Esplora altri tour di vacanze in Europa<\/h2>\n\n\n\n<p>La Scozia \u00e8 solo una delle tante gemme europee che sono sulla lista dei desideri di ogni viaggiatore. Oltre ai nostri tour su misura in Scozia, vi invitiamo a esplorare una serie di altre esperienze europee offerte dai nostri marchi partner.<\/p>\n\n\n\n<ul class=\"wp-block-list\">\n<li><a href=\"https:\/\/italy-tours.com\/\" data-type=\"link\" data-id=\"https:\/\/italy-tours.com\/\">Tour in Italia<\/a><\/li>\n\n\n\n<li><a href=\"https:\/\/lapland-tours.com\/\">Tour della Lapponia<\/a><\/li>\n\n\n\n<li><a href=\"https:\/\/croatia-tours.com\/\" data-type=\"link\" data-id=\"https:\/\/croatia-tours.com\/\">Tour della Croazia<\/a><\/li>\n\n\n\n<li><a href=\"https:\/\/sloveniatours.com\/\" data-type=\"link\" data-id=\"https:\/\/sloveniatours.com\/\">Tour della Slovenia<\/a><\/li>\n\n\n\n<li><a href=\"https:\/\/traintourseurope.com\/\">Tour in treno in Europa<\/a><\/li>\n<\/ul>\n\n\n\n<p><\/p>","protected":false},"excerpt":{"rendered":"<p>Benvenuti in un'agenzia nata dall'amore per la terra e dal desiderio di condividerne i misteri e la maestosit\u00e0 con il mondo. Poich\u00e9 amiamo ci\u00f2 che facciamo e desideriamo condividere la nostra passione con il mondo, siamo orgogliosi di creare tour che vanno oltre il convenzionale per toccare l'anima ... <a href=\"https:\/\/thescotlandtours.com\/it\/chi-siamo\/\">Continua<\/a><\/p>","protected":false},"author":38,"featured_media":0,"parent":0,"menu_order":0,"comment_status":"closed","ping_status":"closed","template":"","meta":{"_acf_changed":false,"footnotes":""},"class_list":["post-39","page","type-page","status-publish","hentry"],"acf":{"page_subheading":"Meet the dedicated team behind The Scotland Tours, your trusted guide to an unforgettable journey."},"_links":{"self":[{"href":"https:\/\/thescotlandtours.com\/it\/wp-json\/wp\/v2\/pages\/39","targetHints":{"allow":["GET"]}}],"collection":[{"href":"https:\/\/thescotlandtours.com\/it\/wp-json\/wp\/v2\/pages"}],"about":[{"href":"https:\/\/thescotlandtours.com\/it\/wp-json\/wp\/v2\/types\/page"}],"author":[{"embeddable":true,"href":"https:\/\/thescotlandtours.com\/it\/wp-json\/wp\/v2\/users\/38"}],"replies":[{"embeddable":true,"href":"https:\/\/thescotlandtours.com\/it\/wp-json\/wp\/v2\/comments?post=39"}],"version-history":[{"count":11,"href":"https:\/\/thescotlandtours.com\/it\/wp-json\/wp\/v2\/pages\/39\/revisions"}],"predecessor-version":[{"id":1435,"href":"https:\/\/thescotlandtours.com\/it\/wp-json\/wp\/v2\/pages\/39\/revisions\/1435"}],"wp:attachment":[{"href":"https:\/\/thescotlandtours.com\/it\/wp-json\/wp\/v2\/media?parent=39"}],"curies":[{"name":"wp","href":"https:\/\/api.w.org\/{rel}","templated":true}]}}