{"id":39,"date":"2023-01-16T13:14:25","date_gmt":"2023-01-16T13:14:25","guid":{"rendered":"https:\/\/thescotlandtours.com\/about-us\/"},"modified":"2024-06-07T09:50:45","modified_gmt":"2024-06-07T09:50:45","slug":"om-oss","status":"publish","type":"page","link":"https:\/\/thescotlandtours.com\/sv\/om-oss\/","title":{"rendered":"Om oss"},"content":{"rendered":"<p>V\u00e4lkommen till en byr\u00e5 som f\u00f6ddes ur en k\u00e4rlek till landet och en \u00f6nskan att dela dess mysterier och majest\u00e4t med v\u00e4rlden. <br>Eftersom vi \u00e4lskar det vi g\u00f6r och vill dela med oss av v\u00e5r passion till v\u00e4rlden \u00e4r vi stolta \u00f6ver <strong>hantverksrundor<\/strong> som g\u00e5r ut\u00f6ver det konventionella f\u00f6r att ber\u00f6ra <strong>Skottlands sj\u00e4l<\/strong>.<\/p>\n\n\n\n<p>Vid <strong>Resor till Skottland<\/strong>v\u00e5r passion \u00e4r inte bara att visa dig Skottland utan ocks\u00e5 <strong>att f\u00f6rdjupa dig<\/strong> i dess o\u00f6vertr\u00e4ffade sk\u00f6nhet och rika historia.<\/p>\n\n\n\n<figure class=\"wp-block-image size-full is-resized\"><img loading=\"lazy\" decoding=\"async\" width=\"2000\" height=\"1333\" src=\"https:\/\/thescotlandtours.com\/wp-content\/uploads\/glen-etive-james-bond-sykfall-road-in-glencoe-scotland-in-the-scottish-highlands-stockpack-adobe-stock-scaled.webp\" alt=\"v\u00e4g i glencoe scotland\" class=\"wp-image-1034\" style=\"width:1449px;height:auto\"\/><figcaption class=\"wp-element-caption\">Uppt\u00e4ck vidderna i de skotska h\u00f6gl\u00e4nderna<\/figcaption><\/figure>\n\n\n\n<h2 class=\"wp-block-heading\">V\u00e5r historia<\/h2>\n\n\n\n<p>V\u00e5r resa b\u00f6rjade med ett enkelt uppdrag: att v\u00e4cka Skottlands ber\u00e4ttelser till liv genom <strong>noggrant utvalda rundturer<\/strong> som erbjuder mer \u00e4n bara en glimt av detta extraordin\u00e4ra land. Vi ville <strong>skapa upplevelser<\/strong> som ber\u00f6r p\u00e5 ett personligt plan och ger v\u00e5ra g\u00e4ster en inblick i den skotska kulturen, historien och naturen.<\/p>\n\n\n\n<h2 class=\"wp-block-heading\">Varf\u00f6r just vi?<\/h2>\n\n\n\n<p>Vi anser att <strong>varje bes\u00f6kare har sin egen vision <\/strong>vad Skottland betyder f\u00f6r dem, och v\u00e5rt m\u00e5l \u00e4r att <strong>f\u00f6rverkliga denna vision<\/strong>. Oavsett om du vill utforska gamla historiska slott, vandra genom pulserande st\u00e4der eller hitta lugnet i den fridfulla sk\u00f6nheten p\u00e5 otaliga \u00f6ar och sj\u00f6ar, skr\u00e4ddarsys v\u00e5ra resor f\u00f6r att passa dina intressen och \u00f6nskningar.<\/p>\n\n\n\n<figure class=\"wp-block-image size-full\"><img loading=\"lazy\" decoding=\"async\" width=\"2000\" height=\"1121\" src=\"https:\/\/thescotlandtours.com\/wp-content\/uploads\/tourist-woman-with-hat-and-backpack-in-scotland-wanderlust-concept-stockpack-adobe-stock-scaled.webp\" alt=\"Backpack girl Skottland\" class=\"wp-image-1077\"\/><figcaption class=\"wp-element-caption\">Skapa din alldeles egna ultimata Skottlandsresa<\/figcaption><\/figure>\n\n\n\n<h2 class=\"wp-block-heading\">Vi tar hand om allt<\/h2>\n\n\n\n<p>F\u00f6r att du verkligen ska kunna sl\u00e4ppa taget och uppleva Skottlands sj\u00e4l tar vi hand om alla detaljer. Vi <strong>boka ditt boende<\/strong>, f\u00f6rse dig med <strong>detaljerade handledningar <\/strong>f\u00f6r varje destination och <strong>erbjuder support dygnet runt.<\/strong><\/p>\n\n\n\n<p>Allt du beh\u00f6ver g\u00f6ra \u00e4r att dyka ner i v\u00e5rt varierade utbud av resor och hitta den som passar dig.<\/p>\n\n\n\n<figure class=\"wp-block-image size-full\"><img loading=\"lazy\" decoding=\"async\" width=\"2000\" height=\"1124\" src=\"https:\/\/thescotlandtours.com\/wp-content\/uploads\/poolewe-view-scaled.webp\" alt=\"Poolewe utsikt\" class=\"wp-image-984\"\/><figcaption class=\"wp-element-caption\">Ladda batterierna i pittoreska byar<\/figcaption><\/figure>\n\n\n\n<h2 class=\"wp-block-heading\">Utforska andra europeiska semesterresor<\/h2>\n\n\n\n<p>Skottland \u00e4r bara en av m\u00e5nga europeiska p\u00e4rlor som st\u00e5r p\u00e5 varje resen\u00e4rs \u00f6nskelista. F\u00f6rutom v\u00e5ra skr\u00e4ddarsydda resor till Skottland bjuder vi in dig att utforska en rad andra europeiska upplevelser som erbjuds av v\u00e5ra partnervarum\u00e4rken.<\/p>\n\n\n\n<ul class=\"wp-block-list\">\n<li><a href=\"https:\/\/italy-tours.com\/\" data-type=\"link\" data-id=\"https:\/\/italy-tours.com\/\">Resor till Italien<\/a><\/li>\n\n\n\n<li><a href=\"https:\/\/lapland-tours.com\/\">Resor till Lappland<\/a><\/li>\n\n\n\n<li><a href=\"https:\/\/croatia-tours.com\/\" data-type=\"link\" data-id=\"https:\/\/croatia-tours.com\/\">Resor till Kroatien<\/a><\/li>\n\n\n\n<li><a href=\"https:\/\/sloveniatours.com\/\" data-type=\"link\" data-id=\"https:\/\/sloveniatours.com\/\">Rundresor i Slovenien<\/a><\/li>\n\n\n\n<li><a href=\"https:\/\/traintourseurope.com\/\">T\u00e5gresor Europa<\/a><\/li>\n<\/ul>\n\n\n\n<p><\/p>","protected":false},"excerpt":{"rendered":"<p>V\u00e4lkommen till en byr\u00e5 som \u00e4r f\u00f6dd ur en k\u00e4rlek till landet och en \u00f6nskan att dela dess mysterier och majest\u00e4t med v\u00e4rlden. Eftersom vi \u00e4lskar vad vi g\u00f6r och vi vill dela v\u00e5r passion med v\u00e4rlden, \u00e4r vi stolta \u00f6ver att skapa turer som g\u00e5r ut\u00f6ver det konventionella f\u00f6r att r\u00f6ra vid sj\u00e4len ... <a href=\"https:\/\/thescotlandtours.com\/sv\/om-oss\/\">Forts\u00e4ttning<\/a><\/p>","protected":false},"author":38,"featured_media":0,"parent":0,"menu_order":0,"comment_status":"closed","ping_status":"closed","template":"","meta":{"_acf_changed":false,"footnotes":""},"class_list":["post-39","page","type-page","status-publish","hentry"],"acf":{"page_subheading":"Meet the dedicated team behind The Scotland Tours, your trusted guide to an unforgettable journey."},"_links":{"self":[{"href":"https:\/\/thescotlandtours.com\/sv\/wp-json\/wp\/v2\/pages\/39","targetHints":{"allow":["GET"]}}],"collection":[{"href":"https:\/\/thescotlandtours.com\/sv\/wp-json\/wp\/v2\/pages"}],"about":[{"href":"https:\/\/thescotlandtours.com\/sv\/wp-json\/wp\/v2\/types\/page"}],"author":[{"embeddable":true,"href":"https:\/\/thescotlandtours.com\/sv\/wp-json\/wp\/v2\/users\/38"}],"replies":[{"embeddable":true,"href":"https:\/\/thescotlandtours.com\/sv\/wp-json\/wp\/v2\/comments?post=39"}],"version-history":[{"count":11,"href":"https:\/\/thescotlandtours.com\/sv\/wp-json\/wp\/v2\/pages\/39\/revisions"}],"predecessor-version":[{"id":1435,"href":"https:\/\/thescotlandtours.com\/sv\/wp-json\/wp\/v2\/pages\/39\/revisions\/1435"}],"wp:attachment":[{"href":"https:\/\/thescotlandtours.com\/sv\/wp-json\/wp\/v2\/media?parent=39"}],"curies":[{"name":"wp","href":"https:\/\/api.w.org\/{rel}","templated":true}]}}